{"id":3317,"date":"2025-01-27T23:40:01","date_gmt":"2025-01-27T23:40:01","guid":{"rendered":"https:\/\/taluns.com\/?page_id=3317"},"modified":"2025-03-18T16:24:22","modified_gmt":"2025-03-18T16:24:22","slug":"servicios","status":"publish","type":"page","link":"https:\/\/taluns.com\/?page_id=3317","title":{"rendered":"Servicios de BPO Multilingues (Business Process Outsourcing)"},"content":{"rendered":"<p>[vc_row css_animation=\u00bbappear\u00bb][vc_column][vc_single_image image=\u00bb3346&#8243; img_size=\u00bbfull\u00bb alignment=\u00bbcenter\u00bb style=\u00bbvc_box_rounded\u00bb css_animation=\u00bbappear\u00bb][vc_column_text]<span style=\"color: #333333; font-size: 19px;\">Integramos tecnolog\u00eda avanzada y estrategias personalizadas de BPO, garantizando eficiencia operativa, optimizaci\u00f3n de costos y una experiencia excepcional para el cliente, a trav\u00e9s de agentes multilingues. Entre nuestros servicios se incluyen<\/span>[\/vc_column_text][vc_toggle title=\u00bbHelp Desk Multiling\u00fce\u00bb custom_font_container=\u00bbtag:h4|text_align:left|color:%23212121&#8243; custom_use_theme_fonts=\u00bbyes\u00bb use_custom_heading=\u00bbtrue\u00bb]<span style=\"color: #333333;\">Proveemos soporte t\u00e9cnico multiling\u00fce que garantiza respuestas r\u00e1pidas y efectivas, fortaleciendo la satisfacci\u00f3n del cliente y asegurando una gesti\u00f3n eficiente de las incidencias t\u00e9cnicas.<\/span>[\/vc_toggle][vc_toggle title=\u00bbAI Connect\u00bb custom_font_container=\u00bbtag:h4|text_align:left|color:%23212121&#8243; custom_use_theme_fonts=\u00bbyes\u00bb use_custom_heading=\u00bbtrue\u00bb]<span style=\"color: #333333;\">Integramos los Asistentes virtuales impulsados por IA y agentes en l\u00ednea. AIConnect asegura una experiencia r\u00e1pida, eficiente y satisfactoria en todos los puntos de contacto.<\/span><\/p>\n<p><a href=\"https:\/\/taluns.com\/wp-content\/uploads\/2025\/03\/DESCARGABLE-IA-CONECT.pdf\"><img loading=\"lazy\" decoding=\"async\" class=\"alignnone size-medium wp-image-3472\" src=\"https:\/\/taluns.com\/wp-content\/uploads\/2025\/03\/Descargar-300x73.png\" alt=\"\" width=\"300\" height=\"73\" srcset=\"https:\/\/taluns.com\/wp-content\/uploads\/2025\/03\/Descargar-300x73.png 300w, https:\/\/taluns.com\/wp-content\/uploads\/2025\/03\/Descargar.png 506w\" sizes=\"auto, (max-width: 300px) 100vw, 300px\" \/><\/a>[\/vc_toggle][vc_toggle title=\u00bbServicio al Cliente Omnicanal\u00bb custom_font_container=\u00bbtag:h4|text_align:left|color:%23212121&#8243; custom_use_theme_fonts=\u00bbyes\u00bb use_custom_heading=\u00bbtrue\u00bb]<span style=\"color: #333333;\">Brindamos un servicio integral que gestiona interacciones a trav\u00e9s de WhatsApp, redes sociales, llamadas telef\u00f3nicas y chat web, asegurando coherencia y personalizaci\u00f3n en cada punto de contacto.<\/span>[\/vc_toggle][vc_toggle title=\u00bbGesti\u00f3n de Cobranza Omnicanal\u00bb custom_font_container=\u00bbtag:h4|text_align:left|color:%23212121&#8243; custom_use_theme_fonts=\u00bbyes\u00bb use_custom_heading=\u00bbtrue\u00bb]<span style=\"color: #333333;\">Brindamos un servicio especializado en la recuperaci\u00f3n de cartera, adaptando estrategias efectivas y utilizando los canales preferidos por los clientes para maximizar la recuperaci\u00f3n sin comprometer la relaci\u00f3n comercial.<\/span>[\/vc_toggle][vc_toggle title=\u00bbStaffing\u00bb custom_font_container=\u00bbtag:h4|text_align:left|color:%23212121&#8243; custom_use_theme_fonts=\u00bbyes\u00bb use_custom_heading=\u00bbtrue\u00bb]<span style=\"color: #333333;\">Le proporcionamos Agentes de Contact Center o Personal en Sitio para que pueda ejecutar sus procesos usted mismo sin la intervenci\u00f3n de terceros.<\/span>[\/vc_toggle][vc_toggle title=\u00bbAppointment Setter\u00bb custom_font_container=\u00bbtag:h4|text_align:left|color:%23212121&#8243; custom_use_theme_fonts=\u00bbyes\u00bb use_custom_heading=\u00bbtrue\u00bb]<span style=\"color: #333333;\">Servicios de agendamiento de citas para optimizar la gesti\u00f3n del tiempo de tu equipo.<\/span><\/p>\n<p>[\/vc_toggle][vc_toggle title=\u00bbTelemercadeo y Televentas\u00bb custom_font_container=\u00bbtag:h4|text_align:left|color:%23212121&#8243; custom_use_theme_fonts=\u00bbyes\u00bb use_custom_heading=\u00bbtrue\u00bb]<span style=\"color: #333333;\">Brindamos un servicio especializado en telemercadeo y televentas, dise\u00f1ando y ejecutando campa\u00f1as de marketing y ventas alineadas con los objetivos espec\u00edficos de cada cliente. Optimizamos la comunicaci\u00f3n para incrementar las tasas de conversi\u00f3n y fidelizaci\u00f3n, asegurando una experiencia efectiva y personalizada.<\/span>[\/vc_toggle][vc_toggle title=\u00bbGesti\u00f3n de Leads\u00bb custom_font_container=\u00bbtag:h4|text_align:left|color:%23212121&#8243; custom_use_theme_fonts=\u00bbyes\u00bb use_custom_heading=\u00bbtrue\u00bb]<span style=\"color: #333333;\">Realizamos un perfilamiento detallado y estrategias de seguimiento para maximizar las oportunidades comerciales, integrando an\u00e1lisis predictivos para priorizar prospectos con mayor potencial.<\/span><\/p>\n<p>[\/vc_toggle][vc_toggle title=\u00bbConstrucci\u00f3n y Actualizaci\u00f3n de Base de Datos\u00bb custom_font_container=\u00bbtag:h4|text_align:left|color:%23212121&#8243; custom_use_theme_fonts=\u00bbyes\u00bb use_custom_heading=\u00bbtrue\u00bb]<span style=\"color: #333333;\">Realizamos un perfilamiento detallado y estrategias de seguimiento para maximizarlas oportunidades comerciales, integrando an\u00e1lisis predictivos para priorizar prospectos con mayor potencial.<\/span>[\/vc_toggle][vc_toggle title=\u00bbMediciones de Satisfacci\u00f3n\u00bb custom_font_container=\u00bbtag:h4|text_align:left|color:%23212121&#8243; custom_use_theme_fonts=\u00bbyes\u00bb use_custom_heading=\u00bbtrue\u00bb]<span style=\"color: #333333;\">Realizamos estudios que identifican \u00e1reas cr\u00edticas de mejora en la experiencia del cliente y facilitamos soluciones basadas en datos confiables para aumentar la lealtad y el compromiso del cliente.<\/span>[\/vc_toggle][\/vc_column][\/vc_row][vc_row][vc_column][g5element_space][g5element_button title=\u00bbAgendar Asesor\u00eda Gratuita\u00bb style=\u00bboutline\u00bb color=\u00bb#000000&#8243; size=\u00bblg\u00bb align=\u00bbcenter\u00bb icon_font=\u00bbfar fa-calendar-alt\u00bb css_animation=\u00bbbounceIn\u00bb link=\u00bburl:https%3A%2F%2Fcalendly.com%2Fliliana-lopez-taluns%2F30min\u00bb][g5element_space spacing=\u00bb110&#8243;][\/vc_column][\/vc_row][vc_row gap=\u00bb35&#8243;][vc_column width=\u00bb1\/2&#8243; css=\u00bb.vc_custom_1738022980975{background-image: url(https:\/\/taluns.com\/wp-content\/uploads\/2025\/01\/fondoVerde.png?id=3310) !important;}\u00bb][vc_column_text]<\/p>\n<h4><span style=\"color: #ffffff;\"><strong>Resultados Medibles<\/strong><\/span><\/h4>\n<p>[\/vc_column_text][vc_column_text]<span style=\"color: #ffffff;\"><strong>Reducci\u00f3n de tiempos de espera:<\/strong> Hasta un 40% en promedio, mejorando la eficiencia y la percepci\u00f3n del cliente.<\/span><\/p>\n<p><span style=\"color: #ffffff;\"><strong>Resoluci\u00f3n automatizada:<\/strong> 80% de las consultas comunes son gestionadas sin intervenci\u00f3n humana, reduciendo costos operativos.<\/span><\/p>\n<p><span style=\"color: #ffffff;\"><strong>Incremento en NPS:<\/strong> Mejora promedio del 25%, fortaleciendo la fidelizaci\u00f3n del cliente.<\/span><\/p>\n<p><span style=\"color: #ffffff;\"><strong>Retenci\u00f3n:<\/strong> 90% de los usuarios reportan experiencias positivas gracias a nuestras estrategias personalizadas.<\/span><\/p>\n<p><span style=\"color: #ffffff;\"><strong>Productividad:<\/strong> Incrementos de hasta un 30% en eficiencia operativa mediante tecnolog\u00edas avanzadas.<\/span>[\/vc_column_text][\/vc_column][vc_column width=\u00bb1\/2&#8243; css=\u00bb.vc_custom_1738022643107{background-image: url(https:\/\/taluns.com\/wp-content\/uploads\/2025\/01\/fondoVerde.png?id=3310) !important;}\u00bb][vc_column_text]<\/p>\n<h4><span style=\"color: #ffffff;\"><strong>Nuestra Metodolog\u00eda<\/strong><\/span><\/h4>\n<p>[\/vc_column_text][vc_column_text]<span style=\"color: #ffffff;\"><strong>An\u00e1lisis Detallado:<\/strong> Identificamos desaf\u00edos y objetivos espec\u00edficos de cada cliente mediante un enfoque basado en datos.<\/span><\/p>\n<p><span style=\"color: #ffffff;\"><strong>Dise\u00f1o Estrat\u00e9gico:<\/strong> Creamos soluciones adaptadas que garantizan resultados efectivos y alineados con las metas del cliente.<\/span><\/p>\n<p><span style=\"color: #ffffff;\"><strong>Implementaci\u00f3n Eficiente:<\/strong> Configuramos sistemas, equipos y plataformas de manera \u00e1gil y precisa, asegurando una r\u00e1pida adopci\u00f3n.<\/span><\/p>\n<p><span style=\"color: #ffffff;\"><strong>Seguimiento y Mejora Continua:<\/strong> Evaluamos resultados y ajustamos estrategias para maximizar el impacto y garantizar la sostenibilidad.<\/span>[\/vc_column_text][\/vc_column][\/vc_row][vc_row gap=\u00bb35&#8243;][vc_column width=\u00bb1\/2&#8243; css=\u00bb.vc_custom_1738022980975{background-image: url(https:\/\/taluns.com\/wp-content\/uploads\/2025\/01\/fondoVerde.png?id=3310) !important;}\u00bb][vc_column_text]<\/p>\n<h4><span style=\"color: #ffffff;\"><strong>Sectores que Atendemos<\/strong><\/span><\/h4>\n<p>[\/vc_column_text][vc_column_text]<span style=\"color: #ffffff;\"><strong>Financiero<\/strong>: Implementamos estrategias efectivas para mejorar procesos bancarios y aseguradores, optimizando la gesti\u00f3n de riesgos y la experiencia del cliente.<\/span><\/p>\n<p><span style=\"color: #ffffff;\"><strong>Construcci\u00f3n<\/strong>: Experiencia en procesos de operaciones inmobiliarias, cartera, posventa y comerciales.<\/span><\/p>\n<p><span style=\"color: #ffffff;\"><strong>Salud<\/strong>: Apoyamos la gesti\u00f3n administrativa y la atenci\u00f3n al paciente, mejorando la experiencia sanitaria mediante la integraci\u00f3n de tecnolog\u00edas y procesos innovadores.<\/span><\/p>\n<p><span style=\"color: #ffffff;\"><strong>Consumo Masivo<\/strong>: Dise\u00f1amos soluciones log\u00edsticas y de interacci\u00f3n con clientes para optimizar la cadena de valor y fortalecer la lealtad de los consumidores.<\/span><\/p>\n<p><span style=\"color: #ffffff;\"><strong>Bancario<\/strong>: Facilitamos la recuperaci\u00f3n de cartera y mejoramos la experiencia del usuario final, aumentando la satisfacci\u00f3n y la retenci\u00f3n.<\/span><\/p>\n<p><span style=\"color: #ffffff;\"><strong>Automotriz<\/strong>: Implementamos soporte integral en ventas y postventa, garantizando una experiencia diferenciada y efectiva.<\/span><\/p>\n<p><span style=\"color: #ffffff;\"><strong>Recreaci\u00f3n<\/strong>: Gestionamos reservas, eventos y experiencias personalizadas para incrementar la satisfacci\u00f3n del cliente y fortalecer su conexi\u00f3n con la marca.<\/span><\/p>\n<p><span style=\"color: #ffffff;\"><strong>P\u00fablico<\/strong>: Transformamos la gesti\u00f3n digital de entidades gubernamentales para mejorar la interacci\u00f3n ciudadana y fomentar la transparencia.<\/span>[\/vc_column_text][\/vc_column][vc_column width=\u00bb1\/2&#8243; css=\u00bb.vc_custom_1738022643107{background-image: url(https:\/\/taluns.com\/wp-content\/uploads\/2025\/01\/fondoVerde.png?id=3310) !important;}\u00bb][vc_column_text]<\/p>\n<h4><span style=\"color: #ffffff;\"><strong>\u00bfQu\u00e9 Nos Hace Diferentes?<\/strong><\/span><\/h4>\n<p>[\/vc_column_text][vc_column_text]<span style=\"color: #ffffff;\"><strong>Personalizaci\u00f3n:<\/strong> Creamos soluciones espec\u00edficas adaptadas a las necesidades de cada cliente, priorizando resultados tangibles que impacten directamente en los objetivos estrat\u00e9gicos de la organizaci\u00f3n.<\/span><\/p>\n<p><span style=\"color: #ffffff;\"><strong>Innovaci\u00f3n:<\/strong> Integramos tecnolog\u00edas avanzadas como IA, RPA y CRM para transformar operaciones y maximizar el valor entregado en cada interacci\u00f3n.<\/span><\/p>\n<p><span style=\"color: #ffffff;\"><strong>Experiencia Probada:\u00a0 <\/strong>Con m\u00e1s de 29 a\u00f1os de experiencia de nuestro staff en el sector de Contact Centers y BPO, integramos un profundo conocimiento te\u00f3rico con una s\u00f3lida trayectoria pr\u00e1ctica. Nuestro enfoque, basado en mejores pr\u00e1cticas y evidencia, nos permite dise\u00f1ar e implementar soluciones efectivas que optimizan procesos y aportan valor estrat\u00e9gico a las operaciones de nuestros clientes.<\/span><\/p>\n<p><span style=\"color: #ffffff;\"><strong>Alianzas Estrat\u00e9gicas:<\/strong> Actuamos como socios confiables, orientados a construir relaciones sostenibles y exitosas, y comprometidos con el crecimiento continuo de nuestros clientes.<\/span>[\/vc_column_text][\/vc_column][\/vc_row]<\/p>\n","protected":false},"excerpt":{"rendered":"<p>[vc_row css_animation=\u00bbappear\u00bb][vc_column][vc_single_image image=\u00bb3346&#8243; img_size=\u00bbfull\u00bb alignment=\u00bbcenter\u00bb style=\u00bbvc_box_rounded\u00bb css_animation=\u00bbappear\u00bb][vc_column_text]Integramos tecnolog\u00eda avanzada y estrategias personalizadas de BPO, garantizando eficiencia operativa, optimizaci\u00f3n de costos y una experiencia excepcional para el cliente, a trav\u00e9s de agentes multilingues. Entre nuestros servicios se incluyen[\/vc_column_text][vc_toggle title=\u00bbHelp Desk Multiling\u00fce\u00bb custom_font_container=\u00bbtag:h4|text_align:left|color:%23212121&#8243; custom_use_theme_fonts=\u00bbyes\u00bb use_custom_heading=\u00bbtrue\u00bb]Proveemos soporte t\u00e9cnico multiling\u00fce que garantiza respuestas r\u00e1pidas y efectivas, fortaleciendo la satisfacci\u00f3n [&hellip;]<\/p>\n","protected":false},"author":1,"featured_media":0,"parent":0,"menu_order":0,"comment_status":"closed","ping_status":"closed","template":"","meta":{"footnotes":""},"class_list":["post-3317","page","type-page","status-publish","hentry"],"_links":{"self":[{"href":"https:\/\/taluns.com\/index.php?rest_route=\/wp\/v2\/pages\/3317","targetHints":{"allow":["GET"]}}],"collection":[{"href":"https:\/\/taluns.com\/index.php?rest_route=\/wp\/v2\/pages"}],"about":[{"href":"https:\/\/taluns.com\/index.php?rest_route=\/wp\/v2\/types\/page"}],"author":[{"embeddable":true,"href":"https:\/\/taluns.com\/index.php?rest_route=\/wp\/v2\/users\/1"}],"replies":[{"embeddable":true,"href":"https:\/\/taluns.com\/index.php?rest_route=%2Fwp%2Fv2%2Fcomments&post=3317"}],"version-history":[{"count":25,"href":"https:\/\/taluns.com\/index.php?rest_route=\/wp\/v2\/pages\/3317\/revisions"}],"predecessor-version":[{"id":3504,"href":"https:\/\/taluns.com\/index.php?rest_route=\/wp\/v2\/pages\/3317\/revisions\/3504"}],"wp:attachment":[{"href":"https:\/\/taluns.com\/index.php?rest_route=%2Fwp%2Fv2%2Fmedia&parent=3317"}],"curies":[{"name":"wp","href":"https:\/\/api.w.org\/{rel}","templated":true}]}}